{"id":6,"date":"2016-06-29T14:02:49","date_gmt":"2016-06-29T14:02:49","guid":{"rendered":"http:\/\/pock-programming.net\/wordpress\/?page_id=6"},"modified":"2020-11-26T23:05:55","modified_gmt":"2020-11-26T22:05:55","slug":"uber-mich","status":"publish","type":"page","link":"https:\/\/pock-programming.net\/?lang=de","title":{"rendered":"\u00dcber mich"},"content":{"rendered":"<p>Ich bin ein selbstst\u00e4ndiger Softwareentwickler mit der Spezialisierung auf Apps und individuelle Programme sowie Computerwartung, -reparatur und Beratung.<\/p>\n<p>Haupts\u00e4chlich entwickle ich Desktop-, Server-Client Anwendungen und Apps f\u00fcr Windows 10&nbsp;basierend auf .NET Framework mit C#, WPF\/XAML.&nbsp;Je nach Anforderungen des Kunden entwickle ich von Tools bis konzernweit einsetzbare Businessanwendungen und Webseiten.<\/p>\n<p>Daten werden in verschiedenen Datenbanken und -typen wie Microsoft SQL, MySQL, &nbsp;SQL CE aber auch verschiedenen Datenbankdateien gespeichert.<\/p>\n<p>Ebenso erstelle ich nach Kundenw\u00fcnsche verschiedene Webseiten und Web-Anwendungen mit bekannten Content Management Systemen (CMS) oder kundenspezifische Webanwendungen in ASP.NET (Core) oder&nbsp;PHP mit &nbsp;HTML, Javascript und CSS.<\/p>\n<p>Weiters werden&nbsp;verschiede Installation-, Konfiguration- und Wartungsarbeiten rund um Ihre Netzwerk- und Computersysteme professionell durchgef\u00fchrt. Das kann auf Wunsch direkt bei Ihnen oder wenn m\u00f6glich in k\u00fcrzester Zeit auch \u00fcber Fernwartung umgesetzt werden. Folgende Leistung k\u00f6nnen kompetent angeboten und durchgef\u00fchrt werden:<\/p>\n<ul>\n<li>Computer, Laptop, Tablet, Server, Drucker Wartung und Konfiguration<\/li>\n<li>Beratung und Konfiguration von Virenschutz und Datensicherheit<\/li>\n<li>Kaufberatungen und Bestellungen<\/li>\n<li>Individuelle Zusammenstellungen von Computer- und Serversystemen<\/li>\n<li>Installation und Konfiguration von verschiedenen Betriebssystemen und Programmen<\/li>\n<li>Internet und Netwerk Einrichtung<\/li>\n<li>Datenmigration<\/li>\n<li>Einschulung in Betriebssysteme und Anwendungen<\/li>\n<li>Erweiterung und Anpassung bestehender Anwendungen<\/li>\n<li>sowie weitere Leistungen auf Anfrage<\/li>\n<\/ul>\n<p>Senden Sie eine unverbindliche Anfrage an: <a href=\"mailto:o&#102;f&#105;c&#101;&#64;p&#111;&#99;&#107;-&#112;rog&#114;&#97;&#109;&#109;&#105;&#110;g&#46;&#110;e&#116;?&#115;&#117;bje&#99;&#116;&#61;&#65;&#110;fr&#97;&#103;e\">o&#102;&#102;&#105;&#99;e&#64;poc&#107;-pro&#103;ra&#109;&#109;&#105;ng&#46;ne&#116;<\/a><\/p>\n","protected":false},"excerpt":{"rendered":"<p>Ich bin ein selbstst\u00e4ndiger Softwareentwickler mit der Spezialisierung auf Apps und individuelle Programme sowie Computerwartung, -reparatur und Beratung. Haupts\u00e4chlich entwickle ich Desktop-, Server-Client Anwendungen und Apps f\u00fcr Windows 10&nbsp;basierend auf .NET Framework mit C#, WPF\/XAML.&nbsp;Je nach Anforderungen des Kunden entwickle ich von Tools bis konzernweit einsetzbare Businessanwendungen und Webseiten. Daten werden in verschiedenen Datenbanken und [&hellip;]<\/p>\n","protected":false},"author":1,"featured_media":0,"parent":0,"menu_order":0,"comment_status":"closed","ping_status":"closed","template":"page-full.php","meta":{"footnotes":""},"class_list":["post-6","page","type-page","status-publish","hentry"],"_links":{"self":[{"href":"https:\/\/pock-programming.net\/index.php?rest_route=\/wp\/v2\/pages\/6","targetHints":{"allow":["GET"]}}],"collection":[{"href":"https:\/\/pock-programming.net\/index.php?rest_route=\/wp\/v2\/pages"}],"about":[{"href":"https:\/\/pock-programming.net\/index.php?rest_route=\/wp\/v2\/types\/page"}],"author":[{"embeddable":true,"href":"https:\/\/pock-programming.net\/index.php?rest_route=\/wp\/v2\/users\/1"}],"replies":[{"embeddable":true,"href":"https:\/\/pock-programming.net\/index.php?rest_route=%2Fwp%2Fv2%2Fcomments&post=6"}],"version-history":[{"count":9,"href":"https:\/\/pock-programming.net\/index.php?rest_route=\/wp\/v2\/pages\/6\/revisions"}],"predecessor-version":[{"id":148,"href":"https:\/\/pock-programming.net\/index.php?rest_route=\/wp\/v2\/pages\/6\/revisions\/148"}],"wp:attachment":[{"href":"https:\/\/pock-programming.net\/index.php?rest_route=%2Fwp%2Fv2%2Fmedia&parent=6"}],"curies":[{"name":"wp","href":"https:\/\/api.w.org\/{rel}","templated":true}]}}